{"id":4571,"date":"2012-09-27T08:25:30","date_gmt":"2012-09-27T08:25:30","guid":{"rendered":"http:\/\/www.vitasgroep.be\/?page_id=4571"},"modified":"2018-05-26T08:47:44","modified_gmt":"2018-05-26T08:47:44","slug":"bedankt_evaluatie","status":"publish","type":"page","link":"https:\/\/laureysverzekeringen.be\/fr\/bedankt_evaluatie\/","title":{"rendered":"Bedankt \u00c9valuation"},"content":{"rendered":"<p>&nbsp;<\/p>\n<blockquote><p><span style=\"color: #000000; font-size: x-medium;\">L&rsquo;\u00e9valuation concernant votre r\u00e9clamation a \u00e9t\u00e9 envoy\u00e9e. &#8230;        Nous vous remercions de votre coop\u00e9ration!<\/span><\/p><\/blockquote>\n<p><\/p>","protected":false},"excerpt":{"rendered":"<p>&nbsp; L&rsquo;\u00e9valuation concernant votre r\u00e9clamation a \u00e9t\u00e9 envoy\u00e9e. &#8230; Nous vous remercions de votre coop\u00e9ration!<\/p>\n","protected":false},"author":11,"featured_media":0,"parent":0,"menu_order":0,"comment_status":"closed","ping_status":"closed","template":"","meta":{"footnotes":""},"class_list":["post-4571","page","type-page","status-publish","hentry"],"_links":{"self":[{"href":"https:\/\/laureysverzekeringen.be\/fr\/wp-json\/wp\/v2\/pages\/4571","targetHints":{"allow":["GET"]}}],"collection":[{"href":"https:\/\/laureysverzekeringen.be\/fr\/wp-json\/wp\/v2\/pages"}],"about":[{"href":"https:\/\/laureysverzekeringen.be\/fr\/wp-json\/wp\/v2\/types\/page"}],"author":[{"embeddable":true,"href":"https:\/\/laureysverzekeringen.be\/fr\/wp-json\/wp\/v2\/users\/11"}],"replies":[{"embeddable":true,"href":"https:\/\/laureysverzekeringen.be\/fr\/wp-json\/wp\/v2\/comments?post=4571"}],"version-history":[{"count":0,"href":"https:\/\/laureysverzekeringen.be\/fr\/wp-json\/wp\/v2\/pages\/4571\/revisions"}],"wp:attachment":[{"href":"https:\/\/laureysverzekeringen.be\/fr\/wp-json\/wp\/v2\/media?parent=4571"}],"curies":[{"name":"wp","href":"https:\/\/api.w.org\/{rel}","templated":true}]}}